{"id":1295,"date":"2020-02-06T20:42:45","date_gmt":"2020-02-06T19:42:45","guid":{"rendered":"https:\/\/staging.jesolohistory.it\/le-tre-chiese-e-la-necropoli\/"},"modified":"2024-01-10T13:24:04","modified_gmt":"2024-01-10T12:24:04","slug":"die-drei-kirchen-und-die-nekropole","status":"publish","type":"page","link":"https:\/\/staging.jesolohistory.it\/de\/die-drei-kirchen-und-die-nekropole\/","title":{"rendered":"Die drei kirchen und die nekropole"},"content":{"rendered":"<div class=\"wpb-content-wrapper\">[vc_row full_width=&#8220;stretch_row_content_no_spaces&#8220; content_placement=&#8220;middle&#8220; css=&#8220;.vc_custom_1704889372492{padding-top: 50px !important;padding-bottom: 50px !important;background-color: #f5b382 !important;}&#8220;][vc_column]<div class=\"norebro-heading-sc heading text-center\"\n\tid=\"norebro-custom-69e4d50042f57\" \n\t \n\t>\n\t\n\t\n\t\n\t<h2 class=\"title\">\n\t\tDIE DREI KIRCHEN<br>\nUND DIE NEKROPOLE\t<\/h2>\n\n\t\n\t\t\n<\/div>[vc_empty_space][\/vc_column][\/vc_row][vc_row full_width=&#8220;stretch_row_content_no_spaces&#8220; css=&#8220;.vc_custom_1704889379413{background-color: #f5b382 !important;}&#8220;][vc_column width=&#8220;1\/6&#8243; css=&#8220;.vc_custom_1704889436186{padding-top: 20px !important;padding-bottom: 20px !important;background-color: #e78337 !important;}&#8220;]<div class=\"norebro-heading-sc heading text-center\"\n\tid=\"norebro-custom-69e4d5004340c\" \n\t \n\t>\n\t\n\t\n\t\n\t<h3 class=\"title\">\n\t\t<i class=\"fas fa-hourglass-half\"><\/i> 4. \u2013 12. Jahrhundert\t<\/h3>\n\n\t\n\t\t\n<\/div>[\/vc_column][vc_column width=&#8220;5\/6&#8243;][\/vc_column][\/vc_row][vc_row full_width=&#8220;stretch_row_content_no_spaces&#8220;][vc_column]<div style=\"width:;\" class=\"cqtooltip-wrapper \" data-opacity=\"1\" data-tooltipanimation=\"grow\" data-tooltipstyle=\"shadow\" data-trigger=\"click\" data-maxwidth=\"350\" data-marginoffset=\"\" data-isdisplayall=\"off\" data-displayednum=\"1\"><img decoding=\"async\" src=\"https:\/\/staging.jesolohistory.it\/wp-content\/uploads\/2020\/02\/la-necropoli-1.jpg\" alt=\"\" \/><div class=\"cq-hotspots\"><div class=\"hotspot-item  \" style=\"top:38.27275204359673%;left:22.014508928571427%;\" data-top=\"38.27275204359673%\" data-left=\"22.014508928571427%\"><a href=\"#\" class=\"cq-tooltip\" style=\"background:#f2dc00;\" data-tooltip=\"&lt;iframe src=&quot;https:\/\/www.youtube.com\/embed\/ngE63tZp4wc&quot; width=&quot;560&quot; height=&quot;315&quot; frameborder=&quot;0&quot; allowfullscreen=&quot;allowfullscreen&quot;&gt;&lt;\/iframe&gt;\" data-arrowposition=\"\"><i class=\"fa fa-video\" style=\"color:#ffffff;\"><\/i><\/a><\/div><div class=\"hotspot-item  \" style=\"top:50.92488646684832%;left:85.64341517857143%;\" data-top=\"50.92488646684832%\" data-left=\"85.64341517857143%\"><a href=\"#\" class=\"cq-tooltip\" style=\"background:#b11a17;\" data-tooltip=\"&lt;img src=&quot;\/wp-content\/uploads\/2020\/07\/chiese-e-necropoli2-de.jpg&quot; \/&gt;\" data-arrowposition=\"top\"><i class=\"fa fa-camera\" style=\"color:#ffffff;\"><\/i><\/a><\/div><div class=\"hotspot-item  \" style=\"top:63.44686648501362%;left:54.29224330357143%;\" data-top=\"63.44686648501362%\" data-left=\"54.29224330357143%\"><a href=\"#\" class=\"cq-tooltip\" style=\"background:#b11a17;\" data-tooltip=\"&lt;img src=&quot;\/wp-content\/uploads\/2020\/07\/chiese-e-necropoli3-de.jpg&quot; \/&gt;\" data-arrowposition=\"top\"><i class=\"fa fa-camera\" style=\"color:#ffffff;\"><\/i><\/a><\/div><div class=\"hotspot-item  \" style=\"top:41.69091734786557%;left:47.22935267857143%;\" data-top=\"41.69091734786557%\" data-left=\"47.22935267857143%\"><a href=\"#\" class=\"cq-tooltip\" style=\"background:#b11a17;\" data-tooltip=\"&lt;img src=&quot;\/wp-content\/uploads\/2020\/07\/chiese-e-necropoli4-de.jpg&quot; \/&gt;\" data-arrowposition=\"top\"><i class=\"fa fa-camera\" style=\"color:#ffffff;\"><\/i><\/a><\/div><div class=\"hotspot-item  \" style=\"top:57.90190735694822%;left:62.395647321428584%;\" data-top=\"57.90190735694822%\" data-left=\"62.395647321428584%\"><a href=\"#\" class=\"cq-tooltip\" style=\"background:#b11a17;\" data-tooltip=\"&lt;img src=&quot;\/wp-content\/uploads\/2020\/07\/chiese-e-necropoli5-de.jpg&quot; \/&gt;\" data-arrowposition=\"top\"><i class=\"fa fa-camera\" style=\"color:#ffffff;\"><\/i><\/a><\/div><div class=\"hotspot-item  \" style=\"top:43.90399636693915%;left:15.990513392857144%;\" data-top=\"43.90399636693915%\" data-left=\"15.990513392857144%\"><a href=\"#\" class=\"cq-tooltip\" style=\"background:#b11a17;\" data-tooltip=\"&lt;img src=&quot;\/wp-content\/uploads\/2020\/07\/chiese-e-necropoli6-de.jpg&quot; \/&gt;\" data-arrowposition=\"top\"><i class=\"fa fa-camera\" style=\"color:#ffffff;\"><\/i><\/a><\/div><div class=\"hotspot-item  \" style=\"top:31.2291553133515%;left:28.555636160714286%;\" data-top=\"31.2291553133515%\" data-left=\"28.555636160714286%\"><a href=\"#\" class=\"cq-tooltip\" style=\"background:#b11a17;\" data-tooltip=\"&lt;img src=&quot;\/wp-content\/uploads\/2020\/07\/chiese-e-necropoli7-de.jpg&quot; \/&gt;\" data-arrowposition=\"top\"><i class=\"fa fa-camera\" style=\"color:#ffffff;\"><\/i><\/a><\/div><div class=\"hotspot-item  \" style=\"top:49.06448683015441%;left:22.05262276785714%;\" data-top=\"49.06448683015441%\" data-left=\"22.05262276785714%\"><a href=\"#\" class=\"cq-tooltip\" style=\"background:#b11a17;\" data-tooltip=\"&lt;img src=&quot;\/wp-content\/uploads\/2020\/07\/chiese-e-necropoli8-de.jpg&quot; \/&gt;\" data-arrowposition=\"top\"><i class=\"fa fa-camera\" style=\"color:#ffffff;\"><\/i><\/a><\/div><div class=\"hotspot-item  \" style=\"top:20.16348773841962%;left:86.43973214285714%;\" data-top=\"20.16348773841962%\" data-left=\"86.43973214285714%\"><a href=\"#\" class=\"cq-tooltip\" style=\"background:#f2dc00;\" data-tooltip=\"&lt;iframe src=&quot;https:\/\/www.youtube.com\/embed\/aM8alWeBsFA&quot; width=&quot;560&quot; height=&quot;315&quot; frameborder=&quot;0&quot; allowfullscreen=&quot;allowfullscreen&quot;&gt;&lt;\/iframe&gt;\" data-arrowposition=\"top\"><i class=\"fa fa-video\" style=\"color:#ffffff;\"><\/i><\/a><\/div><\/div><\/div>[\/vc_column][\/vc_row][vc_row full_width=&#8220;stretch_row&#8220; css=&#8220;.vc_custom_1704889426222{margin-top: -10px !important;background-color: #e78337 !important;}&#8220;][vc_column css=&#8220;.vc_custom_1582626296207{padding-top: 50px !important;padding-bottom: 50px !important;}&#8220; el_class=&#8220;video-preview&#8220;][na_posts_carousel height=&#8220;&#8220; excerpt=&#8220;&#8220; catg=&#8220;none&#8220; dot=&#8220;false&#8220; txtclr=&#8220;#ffffff&#8220; dateclr=&#8220;#000000&#8243; descclr=&#8220;#888888&#8243; settings=&#8220;post_type:post|categories:8&#8243;][\/vc_column][\/vc_row][vc_row full_width=&#8220;stretch_row&#8220; css=&#8220;.vc_custom_1704889392180{margin-top: 10px !important;padding-top: 50px !important;padding-bottom: 50px !important;background-color: #f5b382 !important;}&#8220;][vc_column width=&#8220;1\/2&#8243;][vc_single_image image=&#8220;3635&#8243; img_size=&#8220;full&#8220;][\/vc_column][vc_column width=&#8220;1\/2&#8243;][vc_column_text el_class=&#8220;info-text&#8220;]Wo heute die \u00dcberreste der Antiche Mura zu sehen sind, befand sich nahe der sp\u00e4tantiken Mansio <strong>ein Anbetungsraum<\/strong>, eine vermutlich im 5. Jahrhundert errichtete kleine einschiffige Kirche.<\/p>\n<p>Sp\u00e4ter wurde ebendort eine zweite, gr\u00f6\u00dfere Kirche errichtet, <strong>eine dreischiffige Basilika mit einem vollst\u00e4ndig mosaikbedeckten Fu\u00dfboden<\/strong>. Die Dekoration ist umso kostbarer, da im Mosaik die Namen derer zu lesen sind, die damals das bedeutsame Werk finanziert hatten. Die bei den Ausgrabungen im letzten Jahrhundert geborgenen Fragmente sind heute noch in einem Ausstellungssaal in Jesolo zu bewundern.<\/p>\n<p>J\u00fcngste Ausgrabungen hingegen brachten <strong>einen ausgedehnten Friedhof<\/strong> ans Licht, in dem die Bewohner, die die fr\u00fchmittelalterliche Basilika (6.\u00a0\u2013\u00a07. Jahrhundert) besuchten, unweit des Sakralbaus eine w\u00fcrdige Grabst\u00e4tte fanden. Erst einige Jahrhunderte sp\u00e4ter, zwischen dem 11. und 12. Jahrhundert, wurde eine dritte Kirche gebaut, n\u00e4mlich die <strong>Santa Maria Assunta geweihte gro\u00dfe romanische Kathedrale<\/strong>, deren beeindruckende Ruinen noch heute zu sehen sind. Dieses wichtige Denkmal erinnert noch heute an die Pracht der Di\u00f6zese Equilo, die bis ins 15. Jahrhundert Bischofssitz war. Tats\u00e4chlich ist die Kathedrale Santa Maria Assunta mit ihrem m\u00e4chtigen Campanile nach San Marco eine der gr\u00f6\u00dften mittelalterlichen Kathedralen der Region \u201eVenezie\u201c.[\/vc_column_text][\/vc_column][\/vc_row][vc_row full_width=&#8220;stretch_row&#8220; css=&#8220;.vc_custom_1704889398269{margin-top: 10px !important;padding-top: 50px !important;padding-bottom: 50px !important;background-color: #f5b382 !important;}&#8220;][vc_column][vc_images_carousel images=&#8220;1029,1028,1027,1026,1025,1024,1023,1022,1021,1020,1019,1018,1017,1016,1015,1014,1013,1012,1011,1010,1009,1008,1007,1006,1005,1004,351,350,346,345,344,343,342,340,339,338,337,336,335,334,333,332,331,330,329,328,327,326,325,324,323,322,321,320,319,318,317,315,314,313,312,311,310,309,308,307,306,305,304,303,302,301,300,299,298,297,296&#8243; img_size=&#8220;full&#8220; slides_per_view=&#8220;5&#8243; autoplay=&#8220;yes&#8220; hide_pagination_control=&#8220;yes&#8220; wrap=&#8220;yes&#8220;][\/vc_column][\/vc_row][vc_row full_width=&#8220;stretch_row&#8220; css=&#8220;.vc_custom_1704889402969{margin-top: 10px !important;padding-top: 50px !important;padding-bottom: 50px !important;background-color: #f5b382 !important;}&#8220;][vc_column width=&#8220;1\/2&#8243;][vc_single_image image=&#8220;279&#8243; img_size=&#8220;full&#8220;][\/vc_column][vc_column width=&#8220;1\/2&#8243;][vc_column_text el_class=&#8220;info-text&#8220;]Neben der Basilika aus dem 6.\u00a0\u2013\u00a07. Jahrhundert befindet sich eine von 2013 bis 2016 teilweise durch Ausgrabungsforschung erkundete gro\u00dfe Friedhofsfl\u00e4che.<br \/>\nDie Arch\u00e4ologen haben <strong>63<\/strong> sich nicht \u00fcberlappende oder \u00fcberschneidende, weit auseinanderliegende <strong>Gr\u00e4ber<\/strong> gefunden. Dies deutet darauf hin, dass die dem Friedhof gewidmete Fl\u00e4che gro\u00df und vermutlich jedes Grab erkennbar war. Es ist nicht bekannt, ob einfach nur die Erdhaufen \u00fcber den Gr\u00e4bern sichtbar waren oder ob es echte Grabmarkierungen gab, da die landwirtschaftliche Arbeit der letzten Jahrzehnte die Oberfl\u00e4chenschichten des Friedhofs gest\u00f6rt hat.<br \/>\nBei den Gr\u00e4bern handelt es sich beinahe immer nur um einfache <strong>Gruben in nackter Erde<\/strong>, die, wie im Christentum auch f\u00fcr Kirchen \u00fcblich, geostet sind. Die Bestatteten geh\u00f6ren beiden Geschlechtern und fast allen Altersgruppen an, mit deutlich mehr jungen Menschen und Neugeborenen. Letztere wurden nach einem damals weit verbreiteten Brauch oft <strong>in gro\u00dfen Transportamphoren<\/strong> bestattet.<br \/>\nEs wurden keine Spuren gefunden, die auf das Vorhandensein von Holzs\u00e4rgen oder Kleidungsst\u00fccken hindeuten, auch nicht von leicht zu erhaltenden, wie G\u00fcrtelschnallen und Metallhaken, aber es kann nicht ausgeschlossen werden, dass die Verstorbenen bekleidet oder in ein Leichentuch gewickelt begraben wurden. Ein Objekt wurde jedoch wiederholt gefunden, n\u00e4mlich der <strong>Beinkamm mit doppelter Zahnreihe<\/strong>, ein Artefakt, das auf fr\u00fchmittelalterlichen Friedh\u00f6fen sehr h\u00e4ufig anzutreffen ist und das auch in Equilo als begleitendes Element hervorsticht.<br \/>\nDie Bergung, das Studium und die Analyse der Skelett\u00fcberreste erm\u00f6glichen das Erfassen einer Vielzahl von Informationen, die nicht nur \u00fcber Geschlecht und Sterbealter, sondern auch \u00fcber Ern\u00e4hrung, Lebensbedingungen, Gesundheit und k\u00f6rperliche Aktivit\u00e4ten der Bewohner Equilos in den ersten Jahrhunderten des Mittelalters Aufschluss geben.[\/vc_column_text][\/vc_column][\/vc_row][vc_row full_width=&#8220;stretch_row&#8220; css=&#8220;.vc_custom_1704889409083{margin-top: 10px !important;padding-top: 50px !important;padding-bottom: 50px !important;background-color: #f5b382 !important;}&#8220;][vc_column][vc_images_carousel images=&#8220;354,390,389,388,387,386,385,384,383,382,381,380,379,378,377,376,375,374,373,372,371,370,369,368,367,366,364,363,362,361,358,357,356,355&#8243; img_size=&#8220;full&#8220; slides_per_view=&#8220;5&#8243; autoplay=&#8220;yes&#8220; hide_pagination_control=&#8220;yes&#8220; wrap=&#8220;yes&#8220;][\/vc_column][\/vc_row]\n<\/div>","protected":false},"excerpt":{"rendered":"<p>[vc_row full_width=&#8220;stretch_row_content_no_spaces&#8220; content_placement=&#8220;middle&#8220; css=&#8220;.vc_custom_1704889372492{padding-top: 50px !important;padding-bottom: 50px !important;background-color: #f5b382 !important;}&#8220;][vc_column][vc_empty_space][\/vc_column][\/vc_row][vc_row full_width=&#8220;stretch_row_content_no_spaces&#8220; css=&#8220;.vc_custom_1704889379413{background-color: #f5b382 !important;}&#8220;][vc_column&#8230;<\/p>\n","protected":false},"author":1,"featured_media":0,"parent":0,"menu_order":0,"comment_status":"closed","ping_status":"closed","template":"","meta":{"_acf_changed":false,"footnotes":"","_links_to":"","_links_to_target":""},"class_list":["post-1295","page","type-page","status-publish","hentry"],"acf":[],"yoast_head":"<!-- This site is optimized with the Yoast SEO plugin v23.9 - https:\/\/yoast.com\/wordpress\/plugins\/seo\/ -->\n<title>Die drei kirchen und die nekropole | Jesolo History<\/title>\n<meta name=\"robots\" content=\"noindex, follow, max-snippet:-1, max-image-preview:large, max-video-preview:-1\" \/>\n<meta property=\"og:locale\" content=\"de_DE\" \/>\n<meta property=\"og:type\" content=\"article\" \/>\n<meta property=\"og:title\" content=\"Die drei kirchen und die nekropole | Jesolo History\" \/>\n<meta property=\"og:description\" content=\"[vc_row full_width=&#8220;stretch_row_content_no_spaces&#8220; content_placement=&#8220;middle&#8220; css=&#8220;.vc_custom_1704889372492{padding-top: 50px !important;padding-bottom: 50px !important;background-color: #f5b382 !important;}&#8220;][vc_column][vc_empty_space][\/vc_column][\/vc_row][vc_row full_width=&#8220;stretch_row_content_no_spaces&#8220; css=&#8220;.vc_custom_1704889379413{background-color: #f5b382 !important;}&#8220;][vc_column...\" \/>\n<meta property=\"og:url\" content=\"https:\/\/staging.jesolohistory.it\/de\/die-drei-kirchen-und-die-nekropole\/\" \/>\n<meta property=\"og:site_name\" content=\"Jesolo History\" \/>\n<meta property=\"article:modified_time\" content=\"2024-01-10T12:24:04+00:00\" \/>\n<meta name=\"twitter:card\" content=\"summary_large_image\" \/>\n<meta name=\"twitter:label1\" content=\"Gesch\u00e4tzte Lesezeit\" \/>\n\t<meta name=\"twitter:data1\" content=\"6\u00a0Minuten\" \/>\n<script type=\"application\/ld+json\" class=\"yoast-schema-graph\">{\"@context\":\"https:\/\/schema.org\",\"@graph\":[{\"@type\":\"WebPage\",\"@id\":\"https:\/\/staging.jesolohistory.it\/de\/die-drei-kirchen-und-die-nekropole\/\",\"url\":\"https:\/\/staging.jesolohistory.it\/de\/die-drei-kirchen-und-die-nekropole\/\",\"name\":\"Die drei kirchen und die nekropole | Jesolo History\",\"isPartOf\":{\"@id\":\"https:\/\/staging.jesolohistory.it\/de\/#website\"},\"datePublished\":\"2020-02-06T19:42:45+00:00\",\"dateModified\":\"2024-01-10T12:24:04+00:00\",\"breadcrumb\":{\"@id\":\"https:\/\/staging.jesolohistory.it\/de\/die-drei-kirchen-und-die-nekropole\/#breadcrumb\"},\"inLanguage\":\"de\",\"potentialAction\":[{\"@type\":\"ReadAction\",\"target\":[\"https:\/\/staging.jesolohistory.it\/de\/die-drei-kirchen-und-die-nekropole\/\"]}]},{\"@type\":\"BreadcrumbList\",\"@id\":\"https:\/\/staging.jesolohistory.it\/de\/die-drei-kirchen-und-die-nekropole\/#breadcrumb\",\"itemListElement\":[{\"@type\":\"ListItem\",\"position\":1,\"name\":\"Home\",\"item\":\"https:\/\/staging.jesolohistory.it\/de\/\"},{\"@type\":\"ListItem\",\"position\":2,\"name\":\"Die drei kirchen und die nekropole\"}]},{\"@type\":\"WebSite\",\"@id\":\"https:\/\/staging.jesolohistory.it\/de\/#website\",\"url\":\"https:\/\/staging.jesolohistory.it\/de\/\",\"name\":\"Jesolo History\",\"description\":\"\",\"publisher\":{\"@id\":\"https:\/\/staging.jesolohistory.it\/de\/#organization\"},\"potentialAction\":[{\"@type\":\"SearchAction\",\"target\":{\"@type\":\"EntryPoint\",\"urlTemplate\":\"https:\/\/staging.jesolohistory.it\/de\/?s={search_term_string}\"},\"query-input\":{\"@type\":\"PropertyValueSpecification\",\"valueRequired\":true,\"valueName\":\"search_term_string\"}}],\"inLanguage\":\"de\"},{\"@type\":\"Organization\",\"@id\":\"https:\/\/staging.jesolohistory.it\/de\/#organization\",\"name\":\"Jesolo History\",\"url\":\"https:\/\/staging.jesolohistory.it\/de\/\",\"logo\":{\"@type\":\"ImageObject\",\"inLanguage\":\"de\",\"@id\":\"https:\/\/staging.jesolohistory.it\/de\/#\/schema\/logo\/image\/\",\"url\":\"https:\/\/staging.jesolohistory.it\/wp-content\/uploads\/2020\/02\/logo-jesolo-history-1.png\",\"contentUrl\":\"https:\/\/staging.jesolohistory.it\/wp-content\/uploads\/2020\/02\/logo-jesolo-history-1.png\",\"width\":674,\"height\":318,\"caption\":\"Jesolo History\"},\"image\":{\"@id\":\"https:\/\/staging.jesolohistory.it\/de\/#\/schema\/logo\/image\/\"}}]}<\/script>\n<!-- \/ Yoast SEO plugin. -->","yoast_head_json":{"title":"Die drei kirchen und die nekropole | Jesolo History","robots":{"index":"noindex","follow":"follow","max-snippet":"max-snippet:-1","max-image-preview":"max-image-preview:large","max-video-preview":"max-video-preview:-1"},"og_locale":"de_DE","og_type":"article","og_title":"Die drei kirchen und die nekropole | Jesolo History","og_description":"[vc_row full_width=&#8220;stretch_row_content_no_spaces&#8220; content_placement=&#8220;middle&#8220; css=&#8220;.vc_custom_1704889372492{padding-top: 50px !important;padding-bottom: 50px !important;background-color: #f5b382 !important;}&#8220;][vc_column][vc_empty_space][\/vc_column][\/vc_row][vc_row full_width=&#8220;stretch_row_content_no_spaces&#8220; css=&#8220;.vc_custom_1704889379413{background-color: #f5b382 !important;}&#8220;][vc_column...","og_url":"https:\/\/staging.jesolohistory.it\/de\/die-drei-kirchen-und-die-nekropole\/","og_site_name":"Jesolo History","article_modified_time":"2024-01-10T12:24:04+00:00","twitter_card":"summary_large_image","twitter_misc":{"Gesch\u00e4tzte Lesezeit":"6\u00a0Minuten"},"schema":{"@context":"https:\/\/schema.org","@graph":[{"@type":"WebPage","@id":"https:\/\/staging.jesolohistory.it\/de\/die-drei-kirchen-und-die-nekropole\/","url":"https:\/\/staging.jesolohistory.it\/de\/die-drei-kirchen-und-die-nekropole\/","name":"Die drei kirchen und die nekropole | Jesolo History","isPartOf":{"@id":"https:\/\/staging.jesolohistory.it\/de\/#website"},"datePublished":"2020-02-06T19:42:45+00:00","dateModified":"2024-01-10T12:24:04+00:00","breadcrumb":{"@id":"https:\/\/staging.jesolohistory.it\/de\/die-drei-kirchen-und-die-nekropole\/#breadcrumb"},"inLanguage":"de","potentialAction":[{"@type":"ReadAction","target":["https:\/\/staging.jesolohistory.it\/de\/die-drei-kirchen-und-die-nekropole\/"]}]},{"@type":"BreadcrumbList","@id":"https:\/\/staging.jesolohistory.it\/de\/die-drei-kirchen-und-die-nekropole\/#breadcrumb","itemListElement":[{"@type":"ListItem","position":1,"name":"Home","item":"https:\/\/staging.jesolohistory.it\/de\/"},{"@type":"ListItem","position":2,"name":"Die drei kirchen und die nekropole"}]},{"@type":"WebSite","@id":"https:\/\/staging.jesolohistory.it\/de\/#website","url":"https:\/\/staging.jesolohistory.it\/de\/","name":"Jesolo History","description":"","publisher":{"@id":"https:\/\/staging.jesolohistory.it\/de\/#organization"},"potentialAction":[{"@type":"SearchAction","target":{"@type":"EntryPoint","urlTemplate":"https:\/\/staging.jesolohistory.it\/de\/?s={search_term_string}"},"query-input":{"@type":"PropertyValueSpecification","valueRequired":true,"valueName":"search_term_string"}}],"inLanguage":"de"},{"@type":"Organization","@id":"https:\/\/staging.jesolohistory.it\/de\/#organization","name":"Jesolo History","url":"https:\/\/staging.jesolohistory.it\/de\/","logo":{"@type":"ImageObject","inLanguage":"de","@id":"https:\/\/staging.jesolohistory.it\/de\/#\/schema\/logo\/image\/","url":"https:\/\/staging.jesolohistory.it\/wp-content\/uploads\/2020\/02\/logo-jesolo-history-1.png","contentUrl":"https:\/\/staging.jesolohistory.it\/wp-content\/uploads\/2020\/02\/logo-jesolo-history-1.png","width":674,"height":318,"caption":"Jesolo History"},"image":{"@id":"https:\/\/staging.jesolohistory.it\/de\/#\/schema\/logo\/image\/"}}]}},"_links":{"self":[{"href":"https:\/\/staging.jesolohistory.it\/de\/wp-json\/wp\/v2\/pages\/1295","targetHints":{"allow":["GET"]}}],"collection":[{"href":"https:\/\/staging.jesolohistory.it\/de\/wp-json\/wp\/v2\/pages"}],"about":[{"href":"https:\/\/staging.jesolohistory.it\/de\/wp-json\/wp\/v2\/types\/page"}],"author":[{"embeddable":true,"href":"https:\/\/staging.jesolohistory.it\/de\/wp-json\/wp\/v2\/users\/1"}],"replies":[{"embeddable":true,"href":"https:\/\/staging.jesolohistory.it\/de\/wp-json\/wp\/v2\/comments?post=1295"}],"version-history":[{"count":12,"href":"https:\/\/staging.jesolohistory.it\/de\/wp-json\/wp\/v2\/pages\/1295\/revisions"}],"predecessor-version":[{"id":5186,"href":"https:\/\/staging.jesolohistory.it\/de\/wp-json\/wp\/v2\/pages\/1295\/revisions\/5186"}],"wp:attachment":[{"href":"https:\/\/staging.jesolohistory.it\/de\/wp-json\/wp\/v2\/media?parent=1295"}],"curies":[{"name":"wp","href":"https:\/\/api.w.org\/{rel}","templated":true}]}}