{"id":3102,"date":"2020-04-09T16:30:25","date_gmt":"2020-04-09T14:30:25","guid":{"rendered":"https:\/\/staging.jesolohistory.it\/credits\/"},"modified":"2024-01-09T21:29:08","modified_gmt":"2024-01-09T20:29:08","slug":"credits","status":"publish","type":"page","link":"https:\/\/staging.jesolohistory.it\/de\/credits\/","title":{"rendered":"Credits"},"content":{"rendered":"<div class=\"wpb-content-wrapper\">[vc_row full_width=&#8220;stretch_row_content_no_spaces&#8220; content_placement=&#8220;middle&#8220; css=&#8220;.vc_custom_1704832125468{background-color: #f5b382 !important;}&#8220;][vc_column css=&#8220;.vc_custom_1583930681653{padding-top: 320px !important;padding-bottom: 200px !important;}&#8220; offset=&#8220;vc_hidden-sm vc_hidden-xs&#8220;]<div class=\"norebro-heading-sc heading text-center\"\n\tid=\"norebro-custom-69e4d50198925\" \n\t \n\t>\n\t\n\t\n\t\n\t<h2 class=\"title\">\n\t\tCREDITS\t<\/h2>\n\n\t\n\t\t\n<\/div>[\/vc_column][\/vc_row][vc_row full_width=&#8220;stretch_row_content_no_spaces&#8220; content_placement=&#8220;middle&#8220; css=&#8220;.vc_custom_1704832132376{background-color: #f5b382 !important;}&#8220;][vc_column css=&#8220;.vc_custom_1583930857154{padding-top: 180px !important;padding-bottom: 100px !important;}&#8220; offset=&#8220;vc_hidden-lg vc_hidden-md&#8220;]<div class=\"norebro-heading-sc heading text-center\"\n\tid=\"norebro-custom-69e4d50198bda\" \n\t \n\t>\n\t\n\t\n\t\n\t<h2 class=\"title\">\n\t\tCREDITS\t<\/h2>\n\n\t\n\t\t\n<\/div>[\/vc_column][\/vc_row][vc_row full_width=&#8220;stretch_row&#8220; css=&#8220;.vc_custom_1704832138610{margin-top: 10px !important;padding-top: 50px !important;padding-bottom: 50px !important;background-color: #f5b382 !important;}&#8220;][vc_column el_class=&#8220;info-text&#8220;][vc_column_text]<strong>Das arch\u00e4ologische Projekt in Jesolo begann 2011<\/strong> auf Konzession des Ministeriums f\u00fcr Kulturerbe und kulturelle Aktivit\u00e4ten, wird von der Gemeindeverwaltung Jesolos und der Universit\u00e4t Ca&#8216; Foscari Venedig finanziert und in Zusammenarbeit mit der Oberaufsicht f\u00fcr Arch\u00e4ologie, Denkmal- und Landschaftspflege der Gemeinde Venedig und der Lagune durchgef\u00fchrt.<\/p>\n<p><strong>Wissenschaftliche Leitung:<\/strong><br \/>\nSauro Gelichi, ordentlicher Professor f\u00fcr mittelalterliche Arch\u00e4ologie, Abteilung f\u00fcr humanistische Studien &#8211; Universit\u00e4t Ca&#8216; Foscari Venedig<br \/>\nIn Zusammenarbeit mit:<\/p>\n<ul>\n<li>der <strong>Universit\u00e4t Padua<\/strong> f\u00fcr geoarch\u00e4ologische Studien: Paolo Mozzi, Sandra Primon.<\/li>\n<li>der <strong>Universit\u00e4t Siena<\/strong> f\u00fcr geophysikalische Analysen: Stefano Campana, Ken Saito<\/li>\n<li>der <strong>Universit\u00e4t Ume\u00e5<\/strong> f\u00fcr mikromorphologische Analysen: Johan Linderholm, Claudia Sciuto<\/li>\n<li>dem <strong>Laboratorium Dendrodata (Verona)<\/strong> f\u00fcr dendrochronologische Analysen: Nicoletta Martinelli<\/li>\n<li>dem <strong>Laboratorium f\u00fcr die Charakterisierung von Materialien, Abteilung f\u00fcr Philosophie und kulturelles Erbe, Universit\u00e4t Ca&#8216; Foscari Venedig<\/strong> f\u00fcr Fotografien der Funde und arch\u00e4ometrische Analysen von Glasfunden: Lavinia de Ferri, Giulio Pojana, Davide Vallotto<\/li>\n<\/ul>\n<p><strong>Verantwortliche f\u00fcr die Feldforschung:<\/strong><br \/>\nSilvia Cadamuro, Alessandra Cianciosi, Anita Granzo<\/p>\n<p><strong>Restaurierung arch\u00e4ologischer Funde:<\/strong><br \/>\nFlorence Caillaud, Labor f\u00fcr arch\u00e4ologische Restaurierung (Bologna)<\/p>\n<p><strong>Tafel mit Rekonstruktion<\/strong> der Insula Equilus zwischen dem 4. und 5. Jahrhundert: Studio Inklink von Simone Boni<br \/>\nWir danken allen Mitgliedern und Mitarbeitern des Teams des Lehrstuhls f\u00fcr mittelalterliche Arch\u00e4ologie und das Studium der Materialien: Monica Baldassarri, Francesca Bertoldi, Clelia De Negri, Margherita Ferri, Alessandra Forti, Silvia Garavello, Claudio Negrelli, Piera Allegra Rasia, Lara Sabbionesi, Carlotta Sisalli, Marco Vignola<br \/>\nsowie allen Studenten, Praktikanten, Doktoranden und Fachleuten, die an den Feldaktivit\u00e4ten teilgenommen haben.<\/p>\n<p><strong>WEB DESIGN &amp; VIDEO:<\/strong> <a href=\"https:\/\/www.areateam.biz\/\" target=\"_blank\" rel=\"noopener noreferrer\">AREATEAM<\/a> &#8211; <a href=\"http:\/\/www.suonica.it\/\" target=\"_blank\" rel=\"noopener noreferrer\">SUONICA<\/a>[\/vc_column_text][\/vc_column][\/vc_row]\n<\/div>","protected":false},"excerpt":{"rendered":"<p>[vc_row full_width=&#8220;stretch_row_content_no_spaces&#8220; content_placement=&#8220;middle&#8220; css=&#8220;.vc_custom_1704832125468{background-color: #f5b382 !important;}&#8220;][vc_column css=&#8220;.vc_custom_1583930681653{padding-top: 320px !important;padding-bottom: 200px !important;}&#8220; offset=&#8220;vc_hidden-sm vc_hidden-xs&#8220;][\/vc_column][\/vc_row][vc_row full_width=&#8220;stretch_row_content_no_spaces&#8220;&#8230;<\/p>\n","protected":false},"author":1,"featured_media":0,"parent":0,"menu_order":0,"comment_status":"closed","ping_status":"closed","template":"","meta":{"_acf_changed":false,"footnotes":"","_links_to":"","_links_to_target":""},"class_list":["post-3102","page","type-page","status-publish","hentry"],"acf":[],"yoast_head":"<!-- This site is optimized with the Yoast SEO plugin v23.9 - https:\/\/yoast.com\/wordpress\/plugins\/seo\/ -->\n<title>Credits | Jesolo History<\/title>\n<meta name=\"robots\" content=\"noindex, follow, max-snippet:-1, max-image-preview:large, max-video-preview:-1\" \/>\n<meta property=\"og:locale\" content=\"de_DE\" \/>\n<meta property=\"og:type\" content=\"article\" \/>\n<meta property=\"og:title\" content=\"Credits | Jesolo History\" \/>\n<meta property=\"og:description\" content=\"[vc_row full_width=&#8220;stretch_row_content_no_spaces&#8220; content_placement=&#8220;middle&#8220; css=&#8220;.vc_custom_1704832125468{background-color: #f5b382 !important;}&#8220;][vc_column css=&#8220;.vc_custom_1583930681653{padding-top: 320px !important;padding-bottom: 200px !important;}&#8220; offset=&#8220;vc_hidden-sm vc_hidden-xs&#8220;][\/vc_column][\/vc_row][vc_row full_width=&#8220;stretch_row_content_no_spaces&#8220;...\" \/>\n<meta property=\"og:url\" content=\"https:\/\/staging.jesolohistory.it\/de\/credits\/\" \/>\n<meta property=\"og:site_name\" content=\"Jesolo History\" \/>\n<meta property=\"article:modified_time\" content=\"2024-01-09T20:29:08+00:00\" \/>\n<meta name=\"twitter:card\" content=\"summary_large_image\" \/>\n<meta name=\"twitter:label1\" content=\"Gesch\u00e4tzte Lesezeit\" \/>\n\t<meta name=\"twitter:data1\" content=\"2\u00a0Minuten\" \/>\n<script type=\"application\/ld+json\" class=\"yoast-schema-graph\">{\"@context\":\"https:\/\/schema.org\",\"@graph\":[{\"@type\":\"WebPage\",\"@id\":\"https:\/\/staging.jesolohistory.it\/de\/credits\/\",\"url\":\"https:\/\/staging.jesolohistory.it\/de\/credits\/\",\"name\":\"Credits | Jesolo History\",\"isPartOf\":{\"@id\":\"https:\/\/staging.jesolohistory.it\/de\/#website\"},\"datePublished\":\"2020-04-09T14:30:25+00:00\",\"dateModified\":\"2024-01-09T20:29:08+00:00\",\"breadcrumb\":{\"@id\":\"https:\/\/staging.jesolohistory.it\/de\/credits\/#breadcrumb\"},\"inLanguage\":\"de\",\"potentialAction\":[{\"@type\":\"ReadAction\",\"target\":[\"https:\/\/staging.jesolohistory.it\/de\/credits\/\"]}]},{\"@type\":\"BreadcrumbList\",\"@id\":\"https:\/\/staging.jesolohistory.it\/de\/credits\/#breadcrumb\",\"itemListElement\":[{\"@type\":\"ListItem\",\"position\":1,\"name\":\"Home\",\"item\":\"https:\/\/staging.jesolohistory.it\/de\/\"},{\"@type\":\"ListItem\",\"position\":2,\"name\":\"Credits\"}]},{\"@type\":\"WebSite\",\"@id\":\"https:\/\/staging.jesolohistory.it\/de\/#website\",\"url\":\"https:\/\/staging.jesolohistory.it\/de\/\",\"name\":\"Jesolo History\",\"description\":\"\",\"publisher\":{\"@id\":\"https:\/\/staging.jesolohistory.it\/de\/#organization\"},\"potentialAction\":[{\"@type\":\"SearchAction\",\"target\":{\"@type\":\"EntryPoint\",\"urlTemplate\":\"https:\/\/staging.jesolohistory.it\/de\/?s={search_term_string}\"},\"query-input\":{\"@type\":\"PropertyValueSpecification\",\"valueRequired\":true,\"valueName\":\"search_term_string\"}}],\"inLanguage\":\"de\"},{\"@type\":\"Organization\",\"@id\":\"https:\/\/staging.jesolohistory.it\/de\/#organization\",\"name\":\"Jesolo History\",\"url\":\"https:\/\/staging.jesolohistory.it\/de\/\",\"logo\":{\"@type\":\"ImageObject\",\"inLanguage\":\"de\",\"@id\":\"https:\/\/staging.jesolohistory.it\/de\/#\/schema\/logo\/image\/\",\"url\":\"https:\/\/staging.jesolohistory.it\/wp-content\/uploads\/2020\/02\/logo-jesolo-history-1.png\",\"contentUrl\":\"https:\/\/staging.jesolohistory.it\/wp-content\/uploads\/2020\/02\/logo-jesolo-history-1.png\",\"width\":674,\"height\":318,\"caption\":\"Jesolo History\"},\"image\":{\"@id\":\"https:\/\/staging.jesolohistory.it\/de\/#\/schema\/logo\/image\/\"}}]}<\/script>\n<!-- \/ Yoast SEO plugin. -->","yoast_head_json":{"title":"Credits | Jesolo History","robots":{"index":"noindex","follow":"follow","max-snippet":"max-snippet:-1","max-image-preview":"max-image-preview:large","max-video-preview":"max-video-preview:-1"},"og_locale":"de_DE","og_type":"article","og_title":"Credits | Jesolo History","og_description":"[vc_row full_width=&#8220;stretch_row_content_no_spaces&#8220; content_placement=&#8220;middle&#8220; css=&#8220;.vc_custom_1704832125468{background-color: #f5b382 !important;}&#8220;][vc_column css=&#8220;.vc_custom_1583930681653{padding-top: 320px !important;padding-bottom: 200px !important;}&#8220; offset=&#8220;vc_hidden-sm vc_hidden-xs&#8220;][\/vc_column][\/vc_row][vc_row full_width=&#8220;stretch_row_content_no_spaces&#8220;...","og_url":"https:\/\/staging.jesolohistory.it\/de\/credits\/","og_site_name":"Jesolo History","article_modified_time":"2024-01-09T20:29:08+00:00","twitter_card":"summary_large_image","twitter_misc":{"Gesch\u00e4tzte Lesezeit":"2\u00a0Minuten"},"schema":{"@context":"https:\/\/schema.org","@graph":[{"@type":"WebPage","@id":"https:\/\/staging.jesolohistory.it\/de\/credits\/","url":"https:\/\/staging.jesolohistory.it\/de\/credits\/","name":"Credits | Jesolo History","isPartOf":{"@id":"https:\/\/staging.jesolohistory.it\/de\/#website"},"datePublished":"2020-04-09T14:30:25+00:00","dateModified":"2024-01-09T20:29:08+00:00","breadcrumb":{"@id":"https:\/\/staging.jesolohistory.it\/de\/credits\/#breadcrumb"},"inLanguage":"de","potentialAction":[{"@type":"ReadAction","target":["https:\/\/staging.jesolohistory.it\/de\/credits\/"]}]},{"@type":"BreadcrumbList","@id":"https:\/\/staging.jesolohistory.it\/de\/credits\/#breadcrumb","itemListElement":[{"@type":"ListItem","position":1,"name":"Home","item":"https:\/\/staging.jesolohistory.it\/de\/"},{"@type":"ListItem","position":2,"name":"Credits"}]},{"@type":"WebSite","@id":"https:\/\/staging.jesolohistory.it\/de\/#website","url":"https:\/\/staging.jesolohistory.it\/de\/","name":"Jesolo History","description":"","publisher":{"@id":"https:\/\/staging.jesolohistory.it\/de\/#organization"},"potentialAction":[{"@type":"SearchAction","target":{"@type":"EntryPoint","urlTemplate":"https:\/\/staging.jesolohistory.it\/de\/?s={search_term_string}"},"query-input":{"@type":"PropertyValueSpecification","valueRequired":true,"valueName":"search_term_string"}}],"inLanguage":"de"},{"@type":"Organization","@id":"https:\/\/staging.jesolohistory.it\/de\/#organization","name":"Jesolo History","url":"https:\/\/staging.jesolohistory.it\/de\/","logo":{"@type":"ImageObject","inLanguage":"de","@id":"https:\/\/staging.jesolohistory.it\/de\/#\/schema\/logo\/image\/","url":"https:\/\/staging.jesolohistory.it\/wp-content\/uploads\/2020\/02\/logo-jesolo-history-1.png","contentUrl":"https:\/\/staging.jesolohistory.it\/wp-content\/uploads\/2020\/02\/logo-jesolo-history-1.png","width":674,"height":318,"caption":"Jesolo History"},"image":{"@id":"https:\/\/staging.jesolohistory.it\/de\/#\/schema\/logo\/image\/"}}]}},"_links":{"self":[{"href":"https:\/\/staging.jesolohistory.it\/de\/wp-json\/wp\/v2\/pages\/3102","targetHints":{"allow":["GET"]}}],"collection":[{"href":"https:\/\/staging.jesolohistory.it\/de\/wp-json\/wp\/v2\/pages"}],"about":[{"href":"https:\/\/staging.jesolohistory.it\/de\/wp-json\/wp\/v2\/types\/page"}],"author":[{"embeddable":true,"href":"https:\/\/staging.jesolohistory.it\/de\/wp-json\/wp\/v2\/users\/1"}],"replies":[{"embeddable":true,"href":"https:\/\/staging.jesolohistory.it\/de\/wp-json\/wp\/v2\/comments?post=3102"}],"version-history":[{"count":4,"href":"https:\/\/staging.jesolohistory.it\/de\/wp-json\/wp\/v2\/pages\/3102\/revisions"}],"predecessor-version":[{"id":5177,"href":"https:\/\/staging.jesolohistory.it\/de\/wp-json\/wp\/v2\/pages\/3102\/revisions\/5177"}],"wp:attachment":[{"href":"https:\/\/staging.jesolohistory.it\/de\/wp-json\/wp\/v2\/media?parent=3102"}],"curies":[{"name":"wp","href":"https:\/\/api.w.org\/{rel}","templated":true}]}}