{"id":1282,"date":"2020-02-06T20:42:59","date_gmt":"2020-02-06T19:42:59","guid":{"rendered":"https:\/\/staging.jesolohistory.it\/la-mansio\/"},"modified":"2024-01-10T13:19:52","modified_gmt":"2024-01-10T12:19:52","slug":"la-mansio","status":"publish","type":"page","link":"https:\/\/staging.jesolohistory.it\/fr\/la-mansio\/","title":{"rendered":"La Mansio"},"content":{"rendered":"<div class=\"wpb-content-wrapper\">[vc_row full_width=\u00a0\u00bbstretch_row_content_no_spaces\u00a0\u00bb content_placement=\u00a0\u00bbmiddle\u00a0\u00bb css=\u00a0\u00bb.vc_custom_1704889157208{padding-top: 50px !important;padding-bottom: 50px !important;background-color: #f5b382 !important;}\u00a0\u00bb][vc_column]<div class=\"norebro-heading-sc heading text-center\"\n\tid=\"norebro-custom-69e4d61f378c2\" \n\t \n\t>\n\t\n\t\n\t\n\t<h2 class=\"title\">\n\t\tLA MANSIO\t<\/h2>\n\n\t\n\t\t\t<p class=\"subtitle\">\n\t\t\tLE PREMIER \u201cH\u00d4TEL\u201c DE JESOLO\t\t<\/p>\n\t\t\n<\/div>[vc_empty_space][\/vc_column][\/vc_row][vc_row full_width=\u00a0\u00bbstretch_row_content_no_spaces\u00a0\u00bb css=\u00a0\u00bb.vc_custom_1704889171971{background-color: #f5b382 !important;}\u00a0\u00bb][vc_column width=\u00a0\u00bb1\/6&Prime; css=\u00a0\u00bb.vc_custom_1704888876984{padding-top: 20px !important;padding-bottom: 20px !important;background-color: #e78337 !important;}\u00a0\u00bb]<div class=\"norebro-heading-sc heading text-center\"\n\tid=\"norebro-custom-69e4d61f37ac4\" \n\t \n\t>\n\t\n\t\n\t\n\t<h3 class=\"title\">\n\t\t<i class=\"fas fa-hourglass-half\"><\/i> IV-VI si\u00e8cle\t<\/h3>\n\n\t\n\t\t\n<\/div>[\/vc_column][vc_column width=\u00a0\u00bb5\/6&Prime;][\/vc_column][\/vc_row][vc_row full_width=\u00a0\u00bbstretch_row_content_no_spaces\u00a0\u00bb][vc_column]<div style=\"width:;\" class=\"cqtooltip-wrapper \" data-opacity=\"1\" data-tooltipanimation=\"grow\" data-tooltipstyle=\"shadow\" data-trigger=\"click\" data-maxwidth=\"350\" data-marginoffset=\"\" data-isdisplayall=\"off\" data-displayednum=\"1\"><img decoding=\"async\" src=\"https:\/\/staging.jesolohistory.it\/wp-content\/uploads\/2020\/02\/la-mansio-1-1.jpg\" alt=\"\" \/><div class=\"cq-hotspots\"><div class=\"hotspot-item  \" style=\"top:41.72010676156584%;left:46.90363349131121%;\" data-top=\"41.72010676156584%\" data-left=\"46.90363349131121%\"><a href=\"#\" class=\"cq-tooltip\" style=\"background:#f2dc00;\" data-tooltip=\"&lt;iframe src=&quot;https:\/\/www.youtube.com\/embed\/8j2FI2TgE8A&quot; width=&quot;560&quot; height=&quot;315&quot; frameborder=&quot;0&quot; allowfullscreen=&quot;allowfullscreen&quot;&gt;&lt;\/iframe&gt;\" data-arrowposition=\"\"><i class=\"fa fa-video\" style=\"color:#ffffff;\"><\/i><\/a><\/div><div class=\"hotspot-item  \" style=\"top:55.097864768683266%;left:52.38546603475513%;\" data-top=\"55.097864768683266%\" data-left=\"52.38546603475513%\"><a href=\"#\" class=\"cq-tooltip\" style=\"background:#b11a17;\" data-tooltip=\"&lt;img src=&quot;\/wp-content\/uploads\/2020\/07\/la-mansio2-fr.jpg&quot; \/&gt;\" data-arrowposition=\"top\"><i class=\"fa fa-camera\" style=\"color:#ffffff;\"><\/i><\/a><\/div><div class=\"hotspot-item  \" style=\"top:22.028469750889677%;left:34.09162717219589%;\" data-top=\"22.028469750889677%\" data-left=\"34.09162717219589%\"><a href=\"#\" class=\"cq-tooltip\" style=\"background:#b11a17;\" data-tooltip=\"&lt;img src=&quot;\/wp-content\/uploads\/2020\/07\/la-mansio3-fr.jpg&quot; \/&gt;\" data-arrowposition=\"top\"><i class=\"fa fa-camera\" style=\"color:#ffffff;\"><\/i><\/a><\/div><div class=\"hotspot-item  \" style=\"top:7.722419928825623%;left:77.97788309636651%;\" data-top=\"7.722419928825623%\" data-left=\"77.97788309636651%\"><a href=\"#\" class=\"cq-tooltip\" style=\"background:#b11a17;\" data-tooltip=\"&lt;img src=&quot;\/wp-content\/uploads\/2020\/07\/la-mansio4-fr.jpg&quot; \/&gt;\" data-arrowposition=\"top\"><i class=\"fa fa-camera\" style=\"color:#ffffff;\"><\/i><\/a><\/div><div class=\"hotspot-item  \" style=\"top:60.53078291814946%;left:14.628751974723539%;\" data-top=\"60.53078291814946%\" data-left=\"14.628751974723539%\"><a href=\"#\" class=\"cq-tooltip\" style=\"background:#b11a17;\" data-tooltip=\"&lt;img src=&quot;\/wp-content\/uploads\/2020\/07\/la-mansio5-fr.jpg&quot; \/&gt;\" data-arrowposition=\"top\"><i class=\"fa fa-camera\" style=\"color:#ffffff;\"><\/i><\/a><\/div><div class=\"hotspot-item  \" style=\"top:31.186298932384343%;left:76.81674565560822%;\" data-top=\"31.186298932384343%\" data-left=\"76.81674565560822%\"><a href=\"#\" class=\"cq-tooltip\" style=\"background:#b11a17;\" data-tooltip=\"&lt;img src=&quot;\/wp-content\/uploads\/2020\/07\/la-mansio6-fr.jpg&quot; \/&gt;\" data-arrowposition=\"top\"><i class=\"fa fa-camera\" style=\"color:#ffffff;\"><\/i><\/a><\/div><div class=\"hotspot-item  \" style=\"top:69.4603202846975%;left:55.11848341232227%;\" data-top=\"69.4603202846975%\" data-left=\"55.11848341232227%\"><a href=\"#\" class=\"cq-tooltip\" style=\"background:#b11a17;\" data-tooltip=\"&lt;img src=&quot;\/wp-content\/uploads\/2020\/07\/la-mansio7-fr.jpg&quot; \/&gt;\" data-arrowposition=\"top\"><i class=\"fa fa-camera\" style=\"color:#ffffff;\"><\/i><\/a><\/div><div class=\"hotspot-item  \" style=\"top:38.16138790035588%;left:34.162717219589254%;\" data-top=\"38.16138790035588%\" data-left=\"34.162717219589254%\"><a href=\"#\" class=\"cq-tooltip\" style=\"background:#b11a17;\" data-tooltip=\"&lt;img src=&quot;\/wp-content\/uploads\/2020\/07\/la-mansio8-fr.jpg&quot; \/&gt;\" data-arrowposition=\"top\"><i class=\"fa fa-camera\" style=\"color:#ffffff;\"><\/i><\/a><\/div><div class=\"hotspot-item  \" style=\"top:56.66672597864768%;left:40.32385466034755%;\" data-top=\"56.66672597864768%\" data-left=\"40.32385466034755%\"><a href=\"#\" class=\"cq-tooltip\" style=\"background:#b11a17;\" data-tooltip=\"&lt;img src=&quot;\/wp-content\/uploads\/2020\/07\/la-mansio9-fr.jpg&quot; \/&gt;\" data-arrowposition=\"top\"><i class=\"fa fa-camera\" style=\"color:#ffffff;\"><\/i><\/a><\/div><div class=\"hotspot-item  \" style=\"top:13.962046263345195%;left:40.00789889415482%;\" data-top=\"13.962046263345195%\" data-left=\"40.00789889415482%\"><a href=\"#\" class=\"cq-tooltip\" style=\"background:#b11a17;\" data-tooltip=\"&lt;img src=&quot;\/wp-content\/uploads\/2020\/07\/la-mansio10-fr.jpg&quot; \/&gt;\" data-arrowposition=\"top\"><i class=\"fa fa-camera\" style=\"color:#ffffff;\"><\/i><\/a><\/div><div class=\"hotspot-item  \" style=\"top:73.92651245551602%;left:43.16745655608215%;\" data-top=\"73.92651245551602%\" data-left=\"43.16745655608215%\"><a href=\"#\" class=\"cq-tooltip\" style=\"background:#b11a17;\" data-tooltip=\"&lt;img src=&quot;\/wp-content\/uploads\/2020\/07\/la-mansio11-fr.jpg&quot; \/&gt;\" data-arrowposition=\"top\"><i class=\"fa fa-camera\" style=\"color:#ffffff;\"><\/i><\/a><\/div><div class=\"hotspot-item  \" style=\"top:45.10088967971531%;left:67.65402843601895%;\" data-top=\"45.10088967971531%\" data-left=\"67.65402843601895%\"><a href=\"#\" class=\"cq-tooltip\" style=\"background:#b11a17;\" data-tooltip=\"&lt;img src=&quot;\/wp-content\/uploads\/2020\/07\/la-mansio12-fr.jpg&quot; \/&gt;\" data-arrowposition=\"top\"><i class=\"fa fa-camera\" style=\"color:#ffffff;\"><\/i><\/a><\/div><\/div><\/div>[\/vc_column][\/vc_row][vc_row full_width=\u00a0\u00bbstretch_row\u00a0\u00bb css=\u00a0\u00bb.vc_custom_1704888892577{margin-top: -10px !important;background-color: #e78337 !important;}\u00a0\u00bb][vc_column css=\u00a0\u00bb.vc_custom_1582626112211{padding-top: 50px !important;padding-bottom: 50px !important;}\u00a0\u00bb el_class=\u00a0\u00bbvideo-preview\u00a0\u00bb][na_posts_carousel height=\u00a0\u00bb\u00a0\u00bb excerpt=\u00a0\u00bb0&Prime; comment=\u00a0\u00bbnone\u00a0\u00bb catg=\u00a0\u00bbnone\u00a0\u00bb dot=\u00a0\u00bbfalse\u00a0\u00bb autoplay=\u00a0\u00bbfalse\u00a0\u00bb txtclr=\u00a0\u00bb#ffffff\u00a0\u00bb dateclr=\u00a0\u00bb#000000&Prime; descclr=\u00a0\u00bb#888888&Prime; settings=\u00a0\u00bborder:ASC|post_type:post|categories:9&Prime;][\/vc_column][\/vc_row][vc_row full_width=\u00a0\u00bbstretch_row\u00a0\u00bb css=\u00a0\u00bb.vc_custom_1704889183750{margin-top: 10px !important;padding-top: 50px !important;padding-bottom: 50px !important;background-color: #f5b382 !important;}\u00a0\u00bb][vc_column][vc_single_image image=\u00a0\u00bb907&Prime; img_size=\u00a0\u00bbfull\u00a0\u00bb][vc_column_text el_class=\u00a0\u00bbinfo-text\u00a0\u00bb]<strong>L\u2019ancien habitat de Jesolo se trouvait sur une \u00eele<\/strong>, l\u2019\u00eele d\u2019Equilo, entour\u00e9e par la lagune. Dans l&rsquo;antiquit\u00e9 tardive, <strong>entre le IVe et le Ve si\u00e8cle apr\u00e8s J.C.<\/strong>, lors du d\u00e9clin de l\u2019empire romain,<strong> fut cr\u00e9\u00e9e une mansio<\/strong>, un centre organis\u00e9 pour accueillir les voyageurs qui naviguaient sur le r\u00e9seau interne prot\u00e9g\u00e9 par les canaux de la lagune reliant les principaux centres de l\u2019arc Adriatique, de Ravenne \u00e0 Aquileia. <strong>Les campagnes de fouille r\u00e9alis\u00e9es entre 2013 et 2016 ont d\u00e9couvert de nombreuses structures articul\u00e9es, dont:<\/strong><\/p>\n<ul>\n<li><strong>un grand \u00e9difice<\/strong> servant \u00e0 l\u2019accueil des voyageurs (militaires et marchands) : une maison d&rsquo;h\u00f4te ou une auberge, comme nous l&rsquo;appellerions de nos jours, caract\u00e9ris\u00e9e par une s\u00e9rie de pi\u00e8ces toutes identiques, l\u2019une \u00e0 c\u00f4t\u00e9 de l\u2019autre, qui devaient abriter les chambres et les cuisines (chaque pi\u00e8ce \u00e9tait pourvue d\u2019un foyer en brique).<\/li>\n<li><strong>Une s\u00e9rie de d\u00e9p\u00f4ts et d\u2019ateliers<\/strong> pour travailler le fer et l\u2019os.<\/li>\n<li><strong>Traces d\u2019\u00e9difices plus pris\u00e9s,<\/strong> d\u00e9cor\u00e9s avec des carreaux de marbre, probablement vou\u00e9s \u00e0 l\u2019accueil de personnalit\u00e9s et de hauts fonctionnaires.<\/li>\n<\/ul>\n<p><strong>\u00c0 l\u2019\u00e9poque, Equilo jouissait d\u2019une \u00e9conomie florissante<\/strong>, li\u00e9e aux ressources et aux mati\u00e8res premi\u00e8res disponibles dans la lagune (poisson, sel) et au r\u00e9seau consolid\u00e9 de commerces tant \u00e0 grande \u00e9chelle, avec des importations du Proche-Orient et de l&rsquo;Afrique du Nord, qu&rsquo;\u00e0 petite et moyenne distance, avec des produits distribu\u00e9s localement et r\u00e9gional. <strong>Cette richesse est attest\u00e9e par les innombrables d\u00e9couvertes:<\/strong> amphores, assiettes, casseroles, monnaies, peignes, bijoux, lampes, calices\u2026[\/vc_column_text][\/vc_column][\/vc_row][vc_row full_width=\u00a0\u00bbstretch_row\u00a0\u00bb css=\u00a0\u00bb.vc_custom_1704889189246{margin-top: 10px !important;padding-top: 50px !important;padding-bottom: 50px !important;background-color: #f5b382 !important;}\u00a0\u00bb][vc_column][vc_images_carousel images=\u00a0\u00bb995,178,135,994,993,992,991,990,989,988,987,986,985,984,983,982,981,980,979,978,977,976,975,974,973,972,971,970,969,968,967,966,965,964,963,962,961,960,959,958,957,956,955,954,953,952,951,950,949,948,947,946,945,944,943,942,941,940,939,938,937,259,258,257,256,255,254,253,252,251,249,246,245,242,241,236,234,233,232,230,229,228,227,226,225,224,223,222,221,220,219,218,217,216,215,214,213,212,211,210,209,208,205,204,203,202,201,200,199,194,193,192,191,190,187,186,185,184,182,180,179,176,175,173,172,171,169,168,167,166,164,162,161,160,159,158,157,156,154,153,152,151,147,146,145,144,141,140,139,138,137,136&Prime; img_size=\u00a0\u00bbfull\u00a0\u00bb slides_per_view=\u00a0\u00bb5&Prime; autoplay=\u00a0\u00bbyes\u00a0\u00bb hide_pagination_control=\u00a0\u00bbyes\u00a0\u00bb wrap=\u00a0\u00bbyes\u00a0\u00bb][\/vc_column][\/vc_row]\n<\/div>","protected":false},"excerpt":{"rendered":"<p>[vc_row full_width=\u00a0\u00bbstretch_row_content_no_spaces\u00a0\u00bb content_placement=\u00a0\u00bbmiddle\u00a0\u00bb css=\u00a0\u00bb.vc_custom_1704889157208{padding-top: 50px !important;padding-bottom: 50px !important;background-color: #f5b382 !important;}\u00a0\u00bb][vc_column][vc_empty_space][\/vc_column][\/vc_row][vc_row full_width=\u00a0\u00bbstretch_row_content_no_spaces\u00a0\u00bb css=\u00a0\u00bb.vc_custom_1704889171971{background-color: #f5b382 !important;}\u00a0\u00bb][vc_column&#8230;<\/p>\n","protected":false},"author":1,"featured_media":0,"parent":0,"menu_order":0,"comment_status":"closed","ping_status":"closed","template":"","meta":{"_acf_changed":false,"footnotes":"","_links_to":"","_links_to_target":""},"class_list":["post-1282","page","type-page","status-publish","hentry"],"acf":[],"yoast_head":"<!-- This site is optimized with the Yoast SEO plugin v23.9 - https:\/\/yoast.com\/wordpress\/plugins\/seo\/ -->\n<title>La Mansio | Jesolo History<\/title>\n<meta name=\"robots\" content=\"noindex, follow, max-snippet:-1, max-image-preview:large, max-video-preview:-1\" \/>\n<meta property=\"og:locale\" content=\"fr_FR\" \/>\n<meta property=\"og:type\" content=\"article\" \/>\n<meta property=\"og:title\" content=\"La Mansio | Jesolo History\" \/>\n<meta property=\"og:description\" content=\"[vc_row full_width=\u00a0\u00bbstretch_row_content_no_spaces\u00a0\u00bb content_placement=\u00a0\u00bbmiddle\u00a0\u00bb css=\u00a0\u00bb.vc_custom_1704889157208{padding-top: 50px !important;padding-bottom: 50px !important;background-color: #f5b382 !important;}\u00a0\u00bb][vc_column][vc_empty_space][\/vc_column][\/vc_row][vc_row full_width=\u00a0\u00bbstretch_row_content_no_spaces\u00a0\u00bb css=\u00a0\u00bb.vc_custom_1704889171971{background-color: #f5b382 !important;}\u00a0\u00bb][vc_column...\" \/>\n<meta property=\"og:url\" content=\"https:\/\/staging.jesolohistory.it\/fr\/la-mansio\/\" \/>\n<meta property=\"og:site_name\" content=\"Jesolo History\" \/>\n<meta property=\"article:modified_time\" content=\"2024-01-10T12:19:52+00:00\" \/>\n<meta name=\"twitter:card\" content=\"summary_large_image\" \/>\n<meta name=\"twitter:label1\" content=\"Dur\u00e9e de lecture estim\u00e9e\" \/>\n\t<meta name=\"twitter:data1\" content=\"5 minutes\" \/>\n<script type=\"application\/ld+json\" class=\"yoast-schema-graph\">{\"@context\":\"https:\/\/schema.org\",\"@graph\":[{\"@type\":\"WebPage\",\"@id\":\"https:\/\/staging.jesolohistory.it\/fr\/la-mansio\/\",\"url\":\"https:\/\/staging.jesolohistory.it\/fr\/la-mansio\/\",\"name\":\"La Mansio | Jesolo History\",\"isPartOf\":{\"@id\":\"https:\/\/staging.jesolohistory.it\/fr\/#website\"},\"datePublished\":\"2020-02-06T19:42:59+00:00\",\"dateModified\":\"2024-01-10T12:19:52+00:00\",\"breadcrumb\":{\"@id\":\"https:\/\/staging.jesolohistory.it\/fr\/la-mansio\/#breadcrumb\"},\"inLanguage\":\"fr-FR\",\"potentialAction\":[{\"@type\":\"ReadAction\",\"target\":[\"https:\/\/staging.jesolohistory.it\/fr\/la-mansio\/\"]}]},{\"@type\":\"BreadcrumbList\",\"@id\":\"https:\/\/staging.jesolohistory.it\/fr\/la-mansio\/#breadcrumb\",\"itemListElement\":[{\"@type\":\"ListItem\",\"position\":1,\"name\":\"Home\",\"item\":\"https:\/\/staging.jesolohistory.it\/fr\/\"},{\"@type\":\"ListItem\",\"position\":2,\"name\":\"La Mansio\"}]},{\"@type\":\"WebSite\",\"@id\":\"https:\/\/staging.jesolohistory.it\/fr\/#website\",\"url\":\"https:\/\/staging.jesolohistory.it\/fr\/\",\"name\":\"Jesolo History\",\"description\":\"\",\"publisher\":{\"@id\":\"https:\/\/staging.jesolohistory.it\/fr\/#organization\"},\"potentialAction\":[{\"@type\":\"SearchAction\",\"target\":{\"@type\":\"EntryPoint\",\"urlTemplate\":\"https:\/\/staging.jesolohistory.it\/fr\/?s={search_term_string}\"},\"query-input\":{\"@type\":\"PropertyValueSpecification\",\"valueRequired\":true,\"valueName\":\"search_term_string\"}}],\"inLanguage\":\"fr-FR\"},{\"@type\":\"Organization\",\"@id\":\"https:\/\/staging.jesolohistory.it\/fr\/#organization\",\"name\":\"Jesolo History\",\"url\":\"https:\/\/staging.jesolohistory.it\/fr\/\",\"logo\":{\"@type\":\"ImageObject\",\"inLanguage\":\"fr-FR\",\"@id\":\"https:\/\/staging.jesolohistory.it\/fr\/#\/schema\/logo\/image\/\",\"url\":\"https:\/\/staging.jesolohistory.it\/wp-content\/uploads\/2020\/02\/logo-jesolo-history-1.png\",\"contentUrl\":\"https:\/\/staging.jesolohistory.it\/wp-content\/uploads\/2020\/02\/logo-jesolo-history-1.png\",\"width\":674,\"height\":318,\"caption\":\"Jesolo History\"},\"image\":{\"@id\":\"https:\/\/staging.jesolohistory.it\/fr\/#\/schema\/logo\/image\/\"}}]}<\/script>\n<!-- \/ Yoast SEO plugin. -->","yoast_head_json":{"title":"La Mansio | Jesolo History","robots":{"index":"noindex","follow":"follow","max-snippet":"max-snippet:-1","max-image-preview":"max-image-preview:large","max-video-preview":"max-video-preview:-1"},"og_locale":"fr_FR","og_type":"article","og_title":"La Mansio | Jesolo History","og_description":"[vc_row full_width=\u00a0\u00bbstretch_row_content_no_spaces\u00a0\u00bb content_placement=\u00a0\u00bbmiddle\u00a0\u00bb css=\u00a0\u00bb.vc_custom_1704889157208{padding-top: 50px !important;padding-bottom: 50px !important;background-color: #f5b382 !important;}\u00a0\u00bb][vc_column][vc_empty_space][\/vc_column][\/vc_row][vc_row full_width=\u00a0\u00bbstretch_row_content_no_spaces\u00a0\u00bb css=\u00a0\u00bb.vc_custom_1704889171971{background-color: #f5b382 !important;}\u00a0\u00bb][vc_column...","og_url":"https:\/\/staging.jesolohistory.it\/fr\/la-mansio\/","og_site_name":"Jesolo History","article_modified_time":"2024-01-10T12:19:52+00:00","twitter_card":"summary_large_image","twitter_misc":{"Dur\u00e9e de lecture estim\u00e9e":"5 minutes"},"schema":{"@context":"https:\/\/schema.org","@graph":[{"@type":"WebPage","@id":"https:\/\/staging.jesolohistory.it\/fr\/la-mansio\/","url":"https:\/\/staging.jesolohistory.it\/fr\/la-mansio\/","name":"La Mansio | Jesolo History","isPartOf":{"@id":"https:\/\/staging.jesolohistory.it\/fr\/#website"},"datePublished":"2020-02-06T19:42:59+00:00","dateModified":"2024-01-10T12:19:52+00:00","breadcrumb":{"@id":"https:\/\/staging.jesolohistory.it\/fr\/la-mansio\/#breadcrumb"},"inLanguage":"fr-FR","potentialAction":[{"@type":"ReadAction","target":["https:\/\/staging.jesolohistory.it\/fr\/la-mansio\/"]}]},{"@type":"BreadcrumbList","@id":"https:\/\/staging.jesolohistory.it\/fr\/la-mansio\/#breadcrumb","itemListElement":[{"@type":"ListItem","position":1,"name":"Home","item":"https:\/\/staging.jesolohistory.it\/fr\/"},{"@type":"ListItem","position":2,"name":"La Mansio"}]},{"@type":"WebSite","@id":"https:\/\/staging.jesolohistory.it\/fr\/#website","url":"https:\/\/staging.jesolohistory.it\/fr\/","name":"Jesolo History","description":"","publisher":{"@id":"https:\/\/staging.jesolohistory.it\/fr\/#organization"},"potentialAction":[{"@type":"SearchAction","target":{"@type":"EntryPoint","urlTemplate":"https:\/\/staging.jesolohistory.it\/fr\/?s={search_term_string}"},"query-input":{"@type":"PropertyValueSpecification","valueRequired":true,"valueName":"search_term_string"}}],"inLanguage":"fr-FR"},{"@type":"Organization","@id":"https:\/\/staging.jesolohistory.it\/fr\/#organization","name":"Jesolo History","url":"https:\/\/staging.jesolohistory.it\/fr\/","logo":{"@type":"ImageObject","inLanguage":"fr-FR","@id":"https:\/\/staging.jesolohistory.it\/fr\/#\/schema\/logo\/image\/","url":"https:\/\/staging.jesolohistory.it\/wp-content\/uploads\/2020\/02\/logo-jesolo-history-1.png","contentUrl":"https:\/\/staging.jesolohistory.it\/wp-content\/uploads\/2020\/02\/logo-jesolo-history-1.png","width":674,"height":318,"caption":"Jesolo History"},"image":{"@id":"https:\/\/staging.jesolohistory.it\/fr\/#\/schema\/logo\/image\/"}}]}},"_links":{"self":[{"href":"https:\/\/staging.jesolohistory.it\/fr\/wp-json\/wp\/v2\/pages\/1282","targetHints":{"allow":["GET"]}}],"collection":[{"href":"https:\/\/staging.jesolohistory.it\/fr\/wp-json\/wp\/v2\/pages"}],"about":[{"href":"https:\/\/staging.jesolohistory.it\/fr\/wp-json\/wp\/v2\/types\/page"}],"author":[{"embeddable":true,"href":"https:\/\/staging.jesolohistory.it\/fr\/wp-json\/wp\/v2\/users\/1"}],"replies":[{"embeddable":true,"href":"https:\/\/staging.jesolohistory.it\/fr\/wp-json\/wp\/v2\/comments?post=1282"}],"version-history":[{"count":9,"href":"https:\/\/staging.jesolohistory.it\/fr\/wp-json\/wp\/v2\/pages\/1282\/revisions"}],"predecessor-version":[{"id":5184,"href":"https:\/\/staging.jesolohistory.it\/fr\/wp-json\/wp\/v2\/pages\/1282\/revisions\/5184"}],"wp:attachment":[{"href":"https:\/\/staging.jesolohistory.it\/fr\/wp-json\/wp\/v2\/media?parent=1282"}],"curies":[{"name":"wp","href":"https:\/\/api.w.org\/{rel}","templated":true}]}}